{"id":19,"date":"2015-12-15T01:39:51","date_gmt":"2015-12-15T06:39:51","guid":{"rendered":"http:\/\/www.latinamericapollendb.com\/?page_id=19"},"modified":"2023-06-18T05:09:13","modified_gmt":"2023-06-18T10:09:13","slug":"people","status":"publish","type":"page","link":"https:\/\/www.latinamericapollendb.com\/?page_id=19","title":{"rendered":"People"},"content":{"rendered":"<p><u>Coordinators:<\/u><\/p>\n<p>Suzette G.A. Flantua (*): current coordinator LAPD 2009- Present<\/p>\n<p>Henry Hooghiemstra (a): supporting coordinator LAPD 1998-Present<\/p>\n<p>Rob Marchant (c): former coordinator LAPD 1998-2003<\/p>\n<p>Juan Carlos Berr\u00edo (d): supporting coordinator 1998-2003<\/p>\n<p>Vera Markgraf (e): former coordinator LAPD 1994-1998<\/p>\n<p><u>Collaborators (alphabetic order) from papers with their last known filiation:<\/u><\/p>\n<div style=\"-moz-column-count: 2; -moz-column-gap: 20px; -webkit-column-count: 2; -webkit-column-gap: 20px; column-count: 2; column-gap: 20px;\">\n<p>Thomas A. Ager (f)<br \/>\nR. Scott Anderson (g)<br \/>\nLucia Almeida (h)<br \/>\nCarlos A. Baied (i)<br \/>\nHermann Behling (j)<br \/>\nSvante Bj\u00f6rck (k)<br \/>\nRachel E. Burbridge (d)<br \/>\nMark B. Bush (m)<br \/>\nRoger Byrne (n)<br \/>\nAntoine Cleef (a)<br \/>\nPaulo E. De Oliveira (o)<br \/>\nJoost Duivenvoorden (a)<br \/>\nJ. R. Flenley (p)<br \/>\nBas van Geel (a)<br \/>\nCatalina Gonz\u00e1lez-Arango (b)<br \/>\nWilliam D. Gosling (a, q)<br \/>\nKurt J. Graf (r)<br \/>\nEric C. Grimm (s)<br \/>\nB. C. S. Hansen (t)<br \/>\nSandy P. Harrison (u)<br \/>\nS. Harbele (v)<br \/>\nSally P. Horn (w)<br \/>\nGerard A. Islebe (x)<br \/>\nMaarten Kappelle (y)<br \/>\nP. Kuhry (z)<br \/>\nMarie-Pierre Ledru (A)<br \/>\nB. W. Leyden (B)<br \/>\nSocorro Lozano-Garcia (C)<br \/>\nBeatriz Ludlow-Wiechers (D)<br \/>\nAntonio Maldonado (E)<br \/>\nMar\u00eda Virginia Mancini (F)<br \/>\nFrank. E. Mayle (G)<br \/>\nBert M. Melief (a)<br \/>\nP. Moreno (H)<br \/>\nN. T. Moar (I)<br \/>\nAry Teixeira de Oliveira-Filho (J)<br \/>\nMarta Paez (F)<br \/>\nAldo R. Prieto (F)<br \/>\nOrlando Rangel (K)<br \/>\nG. B. van Reenen (a)<br \/>\nValenti Rull (L)<br \/>\nMaria Lea Salgado-Labouriau (M)<br \/>\nF. Sch\u00e4bitz (N)<br \/>\nLiesbeth Schreve-Brinkman (a)<br \/>\nJohn H. Van Boxel (a)<br \/>\nThomas Van der Hammen (a, O)<br \/>\nM. Wille (N)<\/p>\n<\/div>\n<p><em>* Dept. of Biological Sciences, University of Bergen, Thorm\u00f8hlens gate 53 A\/B, Bergen<\/em><\/p>\n<p><em>(a) Institute for Biodiversity and Ecosystem Dynamics (IBED), University of Amsterdam, Science Park 904, 1098 XH Amsterdam.<\/em><\/p>\n<p><em>(b) Dept. de Ciencias Biol\u00f3gicas, Universidad los Andes, A.A. 4976 Bogot\u00e1, Colombia.<\/em><\/p>\n<p><em>(c) The York Institute for Tropical Ecosystem Dynamics (KITE), Environment Department, University of York, York, Heslington, YO10 5DD, UK. <\/em><\/p>\n<p><em>(d) Department of Geography, University of Leicester, Leicester, LE1 7RH, UK. <\/em><\/p>\n<p><em>(e) \u00a0Institute of Arctic and Alpine Research, University of Colorado, Boulder, CO, 80309-0450 USA<\/em><\/p>\n<p><em>(f) US Geological survey, Box 25046, M.S. 980, Denver Federal Center, Denver, CO 80225, USA<\/em><\/p>\n<p><em>(g) Center for Environmental Sciences and Education, and Quaternary Sciences Program, Northern Arizona University, Flagstaff, Arizona, USA<\/em><\/p>\n<p><em>(h) Laboratorio Biogeograf\u00eda, Facultad de Ciencias, Universidad Nacional Autonoma de M\u00e9xico, Apartado Postal 70-296, 04510 M\u00e9xico, D.F. Mexico <\/em><\/p>\n<p><em>(i) Environmental Studies Program, University of Montana, Missoula Montana 59812, USA<\/em><\/p>\n<p><em>(j) Georg-August-University of G\u00f6ttingen, Albrecht-von-Haller-Institute for Plant Sciences, Department of Palynology and Climate Dynamics, Untere Karsp\u00fcle 2, 37073, G\u00f6ttingen, Germany.<\/em><\/p>\n<p><em>(k) Department of Earth and Ecosystem Sciences, Division of Geology, Lund University, Lund, Sweden<\/em><\/p>\n<p><em>(m) Florida Institute of Technology, Department of Biology, 150 West University Blvd., Melbourne, FL 32901, USA.<\/em><\/p>\n<p><em>(n) Department of Geography, University of California, Berkeley, California 94720-4740, USA<\/em><\/p>\n<p><em>(o) Instituto de Geoci\u00eancias-DPE, Universidade de S\u00e3o Paulo, Caixa Postal 11348, S\u00e3o Paulo, SP 05422-970 Brazil<\/em><\/p>\n<p><em>(p) Geography Programme, School of People, Environment and Planning, Massey University, Private Bag 11222, Palmerston North 4442, New Zealand. <\/em><\/p>\n<p><em>(q) Department of Environment, Earth &amp; Ecosystems, Centre for Earth, Planetary, Space &amp; Astronomical Research (CEPSAR), The Open University, Walton Hall, Milton Keynes MK7 6AA, UK.<\/em><\/p>\n<p><em>(r) Geographisches Institut der Universit\u00e4t, Winterth\u00fcrerstrae 190, 8057 Z\u00fcrich, Switzerland<\/em><\/p>\n<p><em>(s) Department of Plant Biology, University of Illinois, Urbana-Champaign, Urbana, IL, United States<\/em><\/p>\n<p><em>(t) Limnological Research Centre, University of Minnesota, 220 Pillsbury Hall, 310 Pillsbury<\/em><\/p>\n<p><em>Drive, Minneapolis, Minneapolis 55455-0219, USA<\/em><\/p>\n<p><em>(u) Centre for Past Climate Change and School of Archaeology, Geography and Environmental Sciences (SAGES), University of Reading, Whiteknights, Reading, RG6 6AB, UK<\/em><\/p>\n<p><em>(v) Dept. of Geography and Environmental Science, Monash Univ., Clayton, Victoria, Australia<\/em><\/p>\n<p><em>(w) Department of Geography, University of Tennessee, 408 G&amp;G Building, Knoxville Tennessee 37996-1420, USA<\/em><\/p>\n<p><em>(x) El Colegio de la Frontera Sur. ECOSUR-Chetumal, Apartado Postal 424, Chetumal, Quintana Roo, CP 77000, M\u00e9xico<\/em><\/p>\n<p><em>y) United Nations Environment Programme\u2019s global Chemicals and Waste<\/em><\/p>\n<p><em>z) Department of Physical Geography and Quaternary Geology, Stockholm University,\u00a0<\/em><em>10691 Stockholm, Sweden<\/em><\/p>\n<p><em>(A) Institut des Sciences de l\u2019Evolution, ISEM (UMR 226 \u2013 IRD\/CNRS\/UM2), Place Eugene Bataillon, CC 061, 34095 Montpellier Cedex 05, France.<\/em><\/p>\n<p><em>(B) Department of Geology, University of South Florida, Tampa, FL 33620, USA<\/em><\/p>\n<p><em>(C) Instituto de Geolog\u00eda, Universidad Nacional Autonoma de M\u00e9xico, M\u00e9xico D.F. 04520, M\u00e9xico.<\/em><\/p>\n<p><em>(D) Departamento de Ecolog\u00eda y Recursos Naturales, Facultad de Ciencias, Universidad Nacional Aut\u00f3noma de M\u00e9xico, UNAM, Ciudad Universitaria, 04510, M\u00e9xico, D.F. M\u00e9xico<\/em><\/p>\n<p><em>(E) Centro de Estudios Avanzados en Zonas Aridas (CEAZA), Universidad de La Serena, Casilla 599, La Serena, Chile.<\/em><\/p>\n<p><em>(F) Laboratorio Paleocolog\u00eda y Palinolog\u00eda, Facultad de Ciencias Exactas y Naturales, Universidad Nacional de Mar del Plata, Funes 3250, 7600 Mar del Plata, Argentina<\/em><\/p>\n<p><em>(G) Geography Building, Drummond Street, Edinburgh, EH8 9XP, UK<\/em><\/p>\n<p><em>(H) Facultad de Ciencias, Universidad de Chile, Casilla 653, Santiago, Chile<\/em><\/p>\n<p><em>(I) Botany Division, D.S.I.R., Private Bag, Christchurch, New Zealand<\/em><\/p>\n<p><em>(J) Departamento de Ci\u00eancias Florestais, Universidade Federal de Lavras, CEP 37200-000, Lavras, MG Brazil<\/em><\/p>\n<p><em>(K) Instituto de Ciencias Naturales, Universidad Nacional de Colombia, Bogot\u00e1, Colombia<\/em><\/p>\n<p><em>(L) Institute of Earth Sciences \u201cJaume Almera\u201d (ICTJA-CSIC). <\/em><em>C. Llu\u00eds Sol\u00e9 Sabar\u00eds s\/n, 08028 Barcelona, Spain.<\/em><\/p>\n<p><em>Subprogramme <\/em><\/p>\n<p><em>(M) Instituto de Geoci\u00eancias, Universidade de Bras\u00edlia, Bras\u00edlia, DF Brazil<\/em><\/p>\n<p><em>(N) Seminar f\u00fcr Geographie, Universit\u00e4t zu K\u00f6ln, Gronewaldstrasse 2, 50931 K\u00f6ln, Germany<\/em><\/p>\n<p><em>(O) Fundaci\u00f3n Tropenbos Colombia, Carrera 21 #39-35, Santafe de Bogot\u00e1, Colombia<\/em><\/p>\n<p><em>\u00a0<\/em><\/p>\n<p><em>\u00a0<\/em><\/p>\n","protected":false},"excerpt":{"rendered":"<p>Coordinators: Suzette G.A. Flantua (*): current coordinator LAPD 2009- Present Henry Hooghiemstra (a): supporting coordinator LAPD 1998-Present Rob Marchant (c): former coordinator LAPD 1998-2003 Juan Carlos Berr\u00edo (d): supporting coordinator 1998-2003 Vera Markgraf (e): former coordinator LAPD 1994-1998 Collaborators (alphabetic order) from papers with their last known filiation: Thomas A. Ager (f) R. Scott Anderson &hellip; <a href=\"https:\/\/www.latinamericapollendb.com\/?page_id=19\" class=\"more-link\">Continue reading<span class=\"screen-reader-text\"> &#8220;People&#8221;<\/span><\/a><\/p>\n","protected":false},"author":2,"featured_media":0,"parent":0,"menu_order":3,"comment_status":"closed","ping_status":"closed","template":"template-homepage.php","meta":{"jetpack_post_was_ever_published":false,"footnotes":""},"class_list":["post-19","page","type-page","status-publish","hentry"],"jetpack_sharing_enabled":true,"jetpack_shortlink":"https:\/\/wp.me\/P72CZk-j","_links":{"self":[{"href":"https:\/\/www.latinamericapollendb.com\/index.php?rest_route=\/wp\/v2\/pages\/19","targetHints":{"allow":["GET"]}}],"collection":[{"href":"https:\/\/www.latinamericapollendb.com\/index.php?rest_route=\/wp\/v2\/pages"}],"about":[{"href":"https:\/\/www.latinamericapollendb.com\/index.php?rest_route=\/wp\/v2\/types\/page"}],"author":[{"embeddable":true,"href":"https:\/\/www.latinamericapollendb.com\/index.php?rest_route=\/wp\/v2\/users\/2"}],"replies":[{"embeddable":true,"href":"https:\/\/www.latinamericapollendb.com\/index.php?rest_route=%2Fwp%2Fv2%2Fcomments&post=19"}],"version-history":[{"count":33,"href":"https:\/\/www.latinamericapollendb.com\/index.php?rest_route=\/wp\/v2\/pages\/19\/revisions"}],"predecessor-version":[{"id":1494,"href":"https:\/\/www.latinamericapollendb.com\/index.php?rest_route=\/wp\/v2\/pages\/19\/revisions\/1494"}],"wp:attachment":[{"href":"https:\/\/www.latinamericapollendb.com\/index.php?rest_route=%2Fwp%2Fv2%2Fmedia&parent=19"}],"curies":[{"name":"wp","href":"https:\/\/api.w.org\/{rel}","templated":true}]}}